{"id":19884,"date":"2015-05-28T11:30:14","date_gmt":"2015-05-28T09:30:14","guid":{"rendered":"https:\/\/undsgn.com\/uncode\/?page_id=19884"},"modified":"2023-10-30T17:40:53","modified_gmt":"2023-10-30T16:40:53","slug":"o-projektu","status":"publish","type":"page","link":"https:\/\/fing.vsb.cz\/en\/","title":{"rendered":"About the project"},"content":{"rendered":"<div class=\"wpb-content-wrapper\"><div data-parent=\"true\" class=\"vc_row style-color-wayh-bg row-container boomapps_vcrow\" id=\"row-unique-0\"><div class=\"row no-top-padding no-bottom-padding no-h-padding full-width row-slider row-parent\" data-height-ratio=\"full\"><div class=\"owl-carousel-wrapper style-light\"><div class=\"uncode-slider owl-carousel-container owl-dots-inside owl-dots-align-center\"><div id=\"uslider_522867724\" class=\"owl-carousel owl-element owl-dots-inside owl-height-forced\" data-loop=\"true\" data-autoheight=\"false\" data-nav=\"true\" data-dotsmobile=\"true\" data-dots=\"true\" data-navspeed=\"700\" data-autoplay=\"true\" data-timeout=\"5000\" data-lg=\"1\" data-md=\"1\" data-sm=\"1\" data-limit-width=\"false\"><div class=\"vc_row style-color-jevc-bg vc_custom_1697721092434 row-internal row-container boomapps_vcrow\" style=\"padding-right: 5% ;padding-left: 5% ;\"><div class=\"row-background background-element\">\n\t\t\t\t\t\t\t\t\t\t\t<div class=\"background-wrapper\">\n\t\t\t\t\t\t\t\t\t\t\t\t<div class=\"background-inner\" style=\"background-image: url(https:\/\/fing.vsb.cz\/wp-content\/uploads\/2023\/10\/fing_background_1920x1080.jpg);background-repeat: no-repeat;background-position: center center;background-attachment: inherit;background-size: cover;\"><\/div>\n\t\t\t\t\t\t\t\t\t\t\t\t<div class=\"block-bg-overlay style-color-nhtu-bg\" style=\"opacity: 0.25;\"><\/div>\n\t\t\t\t\t\t\t\t\t\t\t<\/div>\n\t\t\t\t\t\t\t\t\t\t<\/div><div class=\"row single-top-padding single-bottom-padding single-h-padding row-child\"><div class=\"wpb_row row-inner\"><div class=\"wpb_column pos-middle pos-center align_center column_child col-lg-12 boomapps_vccolumn half-internal-gutter\"><div class=\"uncol style-dark\" ><div class=\"uncoltable\"><div class=\"uncell  boomapps_vccolumn no-block-padding\" ><div class=\"uncont\" ><div class=\"vc_custom_heading_wrap\"><div class=\"heading-text el-text top-t-bottom animate_when_almost_visible\" data-delay=\"400\"><h2 class=\"fontsize-445851\" ><span>Innovation and development tools in the field of cause of fire investigation<\/span><\/h2><\/div><div class=\"clear\"><\/div><\/div><div class=\"empty-space empty-single\" ><span class=\"empty-space-inner\"><\/span><\/div>\n<div class=\"animate_when_almost_visible bottom-t-top icon-box icon-box-top\" data-delay=\"800\" data-speed=\"600\"><div class=\"icon-box-icon fa-container\" style=\"margin-bottom: 0px;\"><a role=\"button\" href=\"#anotace\" class=\"fa fa-stack fa-2x btn-default fa-rounded btn-outline custom-link\"><i class=\"fa fa-arrow-down2\"><\/i><\/a><\/div><\/div><\/div><\/div><\/div><\/div><\/div><\/div><\/div><\/div><\/div><div class=\"uncode_slider-dot_classes single-h-padding owl-dots-classes\"><\/div><\/div><\/div><script id=\"script-row-unique-0\" data-row=\"script-row-unique-0\" type=\"text\/javascript\" class=\"vc_controls\">UNCODE.initRow(document.getElementById(\"row-unique-0\"));<\/script><\/div><\/div><div data-parent=\"true\" class=\"vc_row row-container onepage-section boomapps_vcrow\" data-label=\"anotace\" data-name=\"anotace\" id=\"row-unique-1\"><div class=\"row quad-top-padding quad-bottom-padding single-h-padding limit-width row-parent\"><div class=\"wpb_row row-inner\"><div class=\"wpb_column pos-top pos-center align_left column_parent col-lg-12 boomapps_vccolumn single-internal-gutter\"><div class=\"uncol style-light\"  ><div class=\"uncoltable\"><div class=\"uncell  boomapps_vccolumn no-block-padding\" ><div class=\"uncont\" ><div class=\"vc_row row-internal row-container boomapps_vcrow\"><div class=\"row row-child\"><div class=\"wpb_row row-inner\"><div class=\"wpb_column pos-top pos-center align_left column_child col-lg-6 boomapps_vccolumn single-internal-gutter\"><div class=\"uncol style-light\" ><div class=\"uncoltable\"><div class=\"uncell  boomapps_vccolumn no-block-padding\" ><div class=\"uncont\" ><\/div><\/div><\/div><\/div><\/div><div class=\"wpb_column pos-top pos-center align_left column_child col-lg-6 boomapps_vccolumn tablet-hidden mobile-hidden single-internal-gutter\"><div class=\"uncol style-light\" ><div class=\"uncoltable\"><div class=\"uncell  boomapps_vccolumn no-block-padding\" ><div class=\"uncont\" ><div class=\"vc_custom_heading_wrap\"><div class=\"heading-text el-text\" ><h3 class=\"h1\" ><span>Annotation<\/span><\/h3><\/div><div class=\"clear\"><\/div><\/div><\/div><\/div><\/div><\/div><\/div><\/div><\/div><\/div><div class=\"vc_row row-internal row-container boomapps_vcrow\"><div class=\"row row-child\"><div class=\"wpb_row row-inner\"><div class=\"wpb_column pos-top pos-center align_left column_child col-lg-6 boomapps_vccolumn single-internal-gutter\"><div class=\"uncol style-light\" ><div class=\"uncoltable\"><div class=\"uncell  boomapps_vccolumn no-block-padding\" ><div class=\"uncont\" ><div class=\"uncode-single-media  text-center\"><div class=\"single-wrapper\" style=\"max-width: 70%;\"><div class=\"tmb tmb-light  tmb-media-first tmb-media-last tmb-content-overlay tmb-no-bg\"><div class=\"t-inside\"><div class=\"t-entry-visual\"><div class=\"t-entry-visual-tc\"><div class=\"uncode-single-media-wrapper\"><div class=\"fluid-svg\"><span id=\"icon-216221\" style=\"width:100%\" class=\"icon-media\"><img decoding=\"async\" src=\"https:\/\/fing.vsb.cz\/wp-content\/uploads\/2023\/10\/FING_logo_rgb.svg\" alt=\"\"><\/span><\/div><\/div>\n\t\t\t\t\t<\/div>\n\t\t\t\t<\/div><\/div><\/div><\/div><\/div><\/div><\/div><\/div><\/div><\/div><div class=\"wpb_column pos-top pos-center align_left column_child col-lg-6 boomapps_vccolumn single-internal-gutter\"><div class=\"uncol style-light\" ><div class=\"uncoltable\"><div class=\"uncell  boomapps_vccolumn no-block-padding\" ><div class=\"uncont\" ><div class=\"uncode_text_column\" ><p>The project is based on the need to innovate current practices, approaches, and techniques in the process of identifying the causes of fires. Due to the absence of comprehensive approach and scientific knowledge together with the insufficient reflection of the world's leading customs and knowledge, the project is focused on the creation of tools that unite existing practices, approaches and techniques with the current state of the world together with the use of modern scientific knowledge. The project results focus on unifying and systematizing the performance of all components involved in fire investigations.<\/p>\n<\/div><\/div><\/div><\/div><\/div><\/div><\/div><\/div><\/div><\/div><\/div><\/div><\/div><\/div><script id=\"script-row-unique-1\" data-row=\"script-row-unique-1\" type=\"text\/javascript\" class=\"vc_controls\">UNCODE.initRow(document.getElementById(\"row-unique-1\"));<\/script><\/div><\/div><\/div><div data-parent=\"true\" class=\"vc_row style-color-lxmt-bg row-container boomapps_vcrow\" id=\"row-unique-2\"><div class=\"row quad-top-padding quad-bottom-padding single-h-padding limit-width row-parent\"><div class=\"wpb_row row-inner\"><div class=\"wpb_column pos-top pos-center align_left column_parent col-lg-12 boomapps_vccolumn single-internal-gutter\"><div class=\"uncol style-light\"  ><div class=\"uncoltable\"><div class=\"uncell  boomapps_vccolumn no-block-padding\" ><div class=\"uncont\" ><div class=\"vc_row row-internal row-container boomapps_vcrow\"><div class=\"row row-child\"><div class=\"wpb_row row-inner\"><div class=\"wpb_column pos-top pos-center align_left column_child col-lg-6 boomapps_vccolumn single-internal-gutter\"><div class=\"uncol style-light\" ><div class=\"uncoltable\"><div class=\"uncell  boomapps_vccolumn no-block-padding\" ><div class=\"uncont\" ><div class=\"vc_custom_heading_wrap\"><div class=\"heading-text el-text\" ><h3 class=\"h1\" ><span>Popis c\u00edl\u016f n\u00e1vrhu projektu<\/span><\/h3><\/div><div class=\"clear\"><\/div><\/div><\/div><\/div><\/div><\/div><\/div><div class=\"wpb_column pos-top pos-center align_left column_child col-lg-6 boomapps_vccolumn tablet-hidden mobile-hidden single-internal-gutter\"><div class=\"uncol style-light\" ><div class=\"uncoltable\"><div class=\"uncell  boomapps_vccolumn no-block-padding\" ><div class=\"uncont\" ><\/div><\/div><\/div><\/div><\/div><\/div><\/div><\/div><div class=\"vc_row row-internal row-container boomapps_vcrow\"><div class=\"row row-child\"><div class=\"wpb_row row-inner\"><div class=\"wpb_column pos-top pos-center align_left column_child col-lg-6 boomapps_vccolumn single-internal-gutter\"><div class=\"uncol style-light\" ><div class=\"uncoltable\"><div class=\"uncell  boomapps_vccolumn no-block-padding\" ><div class=\"uncont\" ><div class=\"uncode_text_column\" ><\/p>\n<p align=\"justify\">C\u00edlem projektu je inovace a rozvoj sou\u010dasn\u00fdch postup\u016f, p\u0159\u00edstup\u016f a technik v r\u00e1mci procesu zji\u0161\u0165ov\u00e1n\u00ed p\u0159\u00ed\u010din vzniku po\u017e\u00e1r\u016f v \u010cR. C\u00edle bude dosa\u017eeno pomoc\u00ed integrace znalost\u00ed a dovednost\u00ed z\u00edskan\u00fdch jak z teoretick\u00e9 a experimen. v\u011bdeck\u00e9 b\u00e1ze, tak z poznatk\u016f a zku\u0161enostmi z praxe. Ucelen\u00e9 metodick\u00e9 pokyny pro podporu efektivn\u00edho procesu zji\u0161\u0165ov\u00e1n\u00ed budou dopln\u011bny o postupy a empirick\u00e1 data z\u00edskan\u00e9 m\u011b\u0159en\u00edmi a simulacemi.<\/p>\n<p>\n<\/div><\/div><\/div><\/div><\/div><\/div><div class=\"wpb_column pos-top pos-center align_left column_child col-lg-6 boomapps_vccolumn single-internal-gutter\"><div class=\"uncol style-light\" ><div class=\"uncoltable\"><div class=\"uncell  boomapps_vccolumn no-block-padding\" ><div class=\"uncont\" ><div class=\"uncode_text_column\" ><p>Pokyny budou, mimo jin\u00e9, upravovat oblast z\u00e1kladn\u00edch princip\u016f, z\u00e1sad, vy\u0161et\u0159ovac\u00edch postup\u016f, zaji\u0161t\u011bn\u00ed d\u016fkazn\u00edch materi\u00e1l\u016f, a to nejen na m\u00edst\u011b po\u017e\u00e1ru ale i mimo n\u011bj Z\u00e1kladn\u00edm p\u0159edpokladem je systematizace a sjednocen\u00ed v\u00fdkon\u016f v\u0161ech vy\u0161et\u0159ovatel\u016f po\u017e\u00e1r\u016f za\u0159azen\u00fdch v HZS \u010cR skrze precizaci, deskripci, v\u00fdvoj nov\u00fdch a modifikaci st\u00e1vaj\u00edc\u00edch postup\u016f s vyu\u017eit\u00edm sv\u011btov\u00fdch poznatk\u016f.<\/p>\n<\/div><\/div><\/div><\/div><\/div><\/div><\/div><\/div><\/div><\/div><\/div><\/div><\/div><\/div><script id=\"script-row-unique-2\" data-row=\"script-row-unique-2\" type=\"text\/javascript\" class=\"vc_controls\">UNCODE.initRow(document.getElementById(\"row-unique-2\"));<\/script><\/div><\/div><\/div><div data-parent=\"true\" class=\"vc_row row-container boomapps_vcrow\" id=\"row-unique-3\"><div class=\"row quad-top-padding quad-bottom-padding single-h-padding limit-width row-parent\"><div class=\"wpb_row row-inner\"><div class=\"wpb_column pos-top pos-center align_left column_parent col-lg-12 boomapps_vccolumn single-internal-gutter\"><div class=\"uncol style-light\"  ><div class=\"uncoltable\"><div class=\"uncell  boomapps_vccolumn no-block-padding\" ><div class=\"uncont\" ><div class=\"vc_row row-internal row-container boomapps_vcrow\"><div class=\"row row-child\"><div class=\"wpb_row row-inner\"><div class=\"wpb_column pos-top pos-center align_left column_child col-lg-6 boomapps_vccolumn single-internal-gutter\"><div class=\"uncol style-light\" ><div class=\"uncoltable\"><div class=\"uncell  boomapps_vccolumn no-block-padding\" ><div class=\"uncont\" ><div class=\"vc_custom_heading_wrap\"><div class=\"heading-text el-text\" ><h3 class=\"h1\" ><span>Identifika\u010dn\u00ed \u00fadaje projektu<\/span><\/h3><\/div><div class=\"clear\"><\/div><\/div><\/div><\/div><\/div><\/div><\/div><div class=\"wpb_column pos-top pos-center align_left column_child col-lg-6 boomapps_vccolumn tablet-hidden mobile-hidden single-internal-gutter\"><div class=\"uncol style-light\" ><div class=\"uncoltable\"><div class=\"uncell  boomapps_vccolumn no-block-padding\" ><div class=\"uncont\" ><\/div><\/div><\/div><\/div><\/div><\/div><\/div><\/div><div class=\"vc_row row-internal row-container boomapps_vcrow\"><div class=\"row row-child\"><div class=\"wpb_row row-inner\"><div class=\"wpb_column pos-top pos-center align_left column_child col-lg-6 boomapps_vccolumn single-internal-gutter\"><div class=\"uncol style-light\" ><div class=\"uncoltable\"><div class=\"uncell  boomapps_vccolumn no-block-padding\" ><div class=\"uncont\" ><div class=\"uncode_text_column\" ><p><strong>Poskytovatel podpory:<\/strong> MINISTERSTVO VNITRA<br \/>\n<strong>Program:<\/strong> VJ \u2013 Strategick\u00e1 podpora rozvoje bezpe\u010dnostn\u00edho v\u00fdzkumu \u010cR 2019 &#8211; 2025 (IMPAKT 1)<br \/>\n<strong>Podprogram:<\/strong> Podprogram 1 &#8211; Spole\u010dn\u00e9 v\u00fdzkumn\u00e9 projekty<br \/>\n<strong>Ve\u0159ejn\u00e1 sout\u011b\u017e:<\/strong> 1. ve\u0159ejn\u00e1 sout\u011b\u017e programu IMPAKT 1<br \/>\n<strong>Doba \u0159e\u0161en\u00ed:<\/strong> 01\/2021 \u2013 05\/2025<\/p>\n<\/div><\/div><\/div><\/div><\/div><\/div><div class=\"wpb_column pos-top pos-center align_left column_child col-lg-6 boomapps_vccolumn single-internal-gutter\"><div class=\"uncol style-light\" ><div class=\"uncoltable\"><div class=\"uncell  boomapps_vccolumn no-block-padding\" ><div class=\"uncont\" ><div class=\"uncode_text_column\" ><p><strong>Hlavn\u00ed p\u0159\u00edjemce:<\/strong> Vysok\u00e1 \u0161kola b\u00e1\u0148sk\u00e1 &#8211; Technick\u00e1 univerzita Ostrava<br \/>\n<strong>\u0158e\u0161itel:<\/strong> Ing. Petr Lep\u00edk Ph.D.<\/p>\n<p><b>Partner projektu:<br \/>\n<\/b>\u010cesk\u00e9 vysok\u00e9 u\u010den\u00ed technick\u00e9 v Praze<br \/>\nDal\u0161\u00ed \u0159e\u0161itel: doc. Ing. Vladim\u00edr M\u00f3zer Ph.D.<\/p>\n<\/div><\/div><\/div><\/div><\/div><\/div><\/div><\/div><\/div><\/div><\/div><\/div><\/div><\/div><script id=\"script-row-unique-3\" data-row=\"script-row-unique-3\" type=\"text\/javascript\" class=\"vc_controls\">UNCODE.initRow(document.getElementById(\"row-unique-3\"));<\/script><\/div><\/div><\/div>\n<\/div>","protected":false},"excerpt":{"rendered":"Inovace a rozvoj n\u00e1stroj\u016f v oblasti zji\u0161\u0165ov\u00e1n\u00ed p\u0159\u00ed\u010din vzniku po\u017e\u00e1r\u016f Anotace Projekt vych\u00e1z\u00ed z pot\u0159eby inovace sou\u010dasn\u00fdch postup\u016f, p\u0159\u00edstup\u016f a [...]","protected":false},"author":1,"featured_media":0,"parent":0,"menu_order":0,"comment_status":"closed","ping_status":"closed","template":"","meta":{"footnotes":""},"class_list":["post-19884","page","type-page","status-publish","hentry"],"_links":{"self":[{"href":"https:\/\/fing.vsb.cz\/en\/wp-json\/wp\/v2\/pages\/19884","targetHints":{"allow":["GET"]}}],"collection":[{"href":"https:\/\/fing.vsb.cz\/en\/wp-json\/wp\/v2\/pages"}],"about":[{"href":"https:\/\/fing.vsb.cz\/en\/wp-json\/wp\/v2\/types\/page"}],"author":[{"embeddable":true,"href":"https:\/\/fing.vsb.cz\/en\/wp-json\/wp\/v2\/users\/1"}],"replies":[{"embeddable":true,"href":"https:\/\/fing.vsb.cz\/en\/wp-json\/wp\/v2\/comments?post=19884"}],"version-history":[{"count":39,"href":"https:\/\/fing.vsb.cz\/en\/wp-json\/wp\/v2\/pages\/19884\/revisions"}],"predecessor-version":[{"id":131501,"href":"https:\/\/fing.vsb.cz\/en\/wp-json\/wp\/v2\/pages\/19884\/revisions\/131501"}],"wp:attachment":[{"href":"https:\/\/fing.vsb.cz\/en\/wp-json\/wp\/v2\/media?parent=19884"}],"curies":[{"name":"wp","href":"https:\/\/api.w.org\/{rel}","templated":true}]}}