{"id":131237,"date":"2023-10-29T13:15:56","date_gmt":"2023-10-29T12:15:56","guid":{"rendered":"https:\/\/fbiweb.vsb.cz\/fing\/?page_id=131237"},"modified":"2023-10-29T14:07:06","modified_gmt":"2023-10-29T13:07:06","slug":"resitelsky-tym","status":"publish","type":"page","link":"https:\/\/fing.vsb.cz\/en\/resitelsky-tym\/","title":{"rendered":"\u0158e\u0161itelsk\u00fd t\u00fdm"},"content":{"rendered":"<div class=\"wpb-content-wrapper\"><div data-parent=\"true\" class=\"vc_row style-color-wayh-bg row-container has-dividers boomapps_vcrow\" id=\"row-unique-0\"><div class=\"row-background background-element\">\n\t\t\t\t\t\t\t\t\t\t\t<div class=\"background-wrapper\">\n\t\t\t\t\t\t\t\t\t\t\t\t<div class=\"background-inner\" style=\"background-image: url(https:\/\/fing.vsb.cz\/wp-content\/uploads\/2023\/10\/fing_background_1920x1080.jpg);background-repeat: no-repeat;background-position: center center;background-attachment: scroll;background-size: cover;\"><\/div>\n\t\t\t\t\t\t\t\t\t\t\t\t<div class=\"block-bg-overlay style-accent-bg\" style=\"opacity: 0.8;\"><\/div>\n\t\t\t\t\t\t\t\t\t\t\t<\/div>\n\t\t\t\t\t\t\t\t\t\t<\/div><div class=\"uncode-divider-wrap uncode-divider-wrap-bottom z_index_0\" style=\"height: 100%; opacity: 0.5\" data-height=\"100\" data-unit=\"%\"><svg version=\"1.1\" class=\"uncode-row-divider uncode-row-divider-gradient\" x=\"0px\" y=\"0px\" width=\"240px\" height=\"24px\" viewbox=\"0 0 240 24\" enable-background=\"new 0 0 240 24\" xml:space=\"preserve\" preserveaspectratio=\"none\">\n\t\t<lineargradient id=\"svg-gradient-184160\" gradientunits=\"userSpaceOnUse\" x1=\"119.9995\" y1=\"0\" x2=\"119.9995\" y2=\"24.0005\">\n\t\t\t<stop  offset=\"0\" style=\"stop-color:#eb6907;stop-opacity:0\"\/>\n\t\t\t<stop  offset=\"1\" style=\"stop-color:#eb6907\"\/>\n\t\t<\/lineargradient>\n\t\t<path fill=\"url(#svg-gradient-184160)\" d=\"M240,24V0H0v24H240z\"\/>\n\t\t<\/svg><\/div><div class=\"row triple-top-padding triple-bottom-padding single-h-padding limit-width row-parent\" data-height-ratio=\"25\"><div class=\"wpb_row row-inner\"><div class=\"wpb_column pos-bottom pos-center align_left column_parent col-lg-12 boomapps_vccolumn single-internal-gutter\"><div class=\"uncol style-dark\"  ><div class=\"uncoltable\"><div class=\"uncell  boomapps_vccolumn no-block-padding\" ><div class=\"uncont\" ><div class=\"vc_custom_heading_wrap\"><div class=\"heading-text el-text\" ><h1 class=\"font-846016 fontsize-338686 fontheight-179065\" ><span>\u0158e\u0161itelsk\u00fd t\u00fdm<\/span><\/h1><\/div><div class=\"clear\"><\/div><\/div><\/div><\/div><\/div><\/div><\/div><script id=\"script-row-unique-0\" data-row=\"script-row-unique-0\" type=\"text\/javascript\" class=\"vc_controls\">UNCODE.initRow(document.getElementById(\"row-unique-0\"));<\/script><\/div><\/div><\/div><div data-parent=\"true\" class=\"vc_row limit-width row-container boomapps_vcrow\" id=\"row-unique-1\"><div class=\"row triple-top-padding triple-bottom-padding single-h-padding row-parent\"><div class=\"wpb_row row-inner\"><div class=\"wpb_column pos-top pos-left align_left column_parent col-lg-8 boomapps_vccolumn col-md-66 single-internal-gutter\"><div class=\"uncol style-light font-846016\"  ><div class=\"uncoltable\"><div class=\"uncell  boomapps_vccolumn no-block-padding\" ><div class=\"uncont\" style=\" max-width:90%;\" ><div class=\"uncode-single-media  text-left\"><div class=\"single-wrapper\" style=\"max-width: 472px;\"><div class=\"tmb tmb-light  tmb-media-first tmb-media-last tmb-content-overlay tmb-no-bg\"><div class=\"t-inside\"><div class=\"t-entry-visual\"><div class=\"t-entry-visual-tc\"><div class=\"uncode-single-media-wrapper\"><img decoding=\"async\" class=\"wp-image-131222\" src=\"https:\/\/fing.vsb.cz\/wp-content\/uploads\/2023\/10\/vsb_fbi_logo-6.png\" width=\"472\" height=\"85\" alt=\"\" srcset=\"https:\/\/fing.vsb.cz\/wp-content\/uploads\/2023\/10\/vsb_fbi_logo-6.png 472w, https:\/\/fing.vsb.cz\/wp-content\/uploads\/2023\/10\/vsb_fbi_logo-6-300x54.png 300w, https:\/\/fing.vsb.cz\/wp-content\/uploads\/2023\/10\/vsb_fbi_logo-6-18x3.png 18w, https:\/\/fing.vsb.cz\/wp-content\/uploads\/2023\/10\/vsb_fbi_logo-6-350x63.png 350w\" sizes=\"(max-width: 472px) 100vw, 472px\" \/><\/div>\n\t\t\t\t\t<\/div>\n\t\t\t\t<\/div><\/div><\/div><\/div><\/div><div class=\"uncode-wrapper uncode-list\" >\n<ul class=\"icons\">\n<li><i class=\"fa fa-minus\"><\/i>Ing.\u00a0\u00a0Petr\u00a0Lep\u00edk,\u00a0Ph.D. \u2013 hlavn\u00ed \u0159e\u0161itel<\/li>\n<li><i class=\"fa fa-minus\"><\/i>Mgr. Sandra Tesa\u0159ov\u00e1 \u2013 mana\u017eer<\/li>\n<li><i class=\"fa fa-minus\"><\/i>Ing. Vladim\u00edr Vl\u010dek, Ph.D., MBA<\/li>\n<li><i class=\"fa fa-minus\"><\/i>doc. Ing. Ond\u0159ej Zavila, Ph.D.<\/li>\n<li><i class=\"fa fa-minus\"><\/i>Ing.\u00a0Barbora\u00a0Martin\u00edkov\u00e1,\u00a0Ph.D.<\/li>\n<li><i class=\"fa fa-minus\"><\/i>doc.\u00a0Ing.\u00a0Petr\u00a0Ku\u010dera,\u00a0Ph.D.<\/li>\n<li><i class=\"fa fa-minus\"><\/i>prof.\u00a0Dr.\u00a0Ing.\u00a0Ale\u0161\u00a0Dud\u00e1\u010dek<\/li>\n<li><i class=\"fa fa-minus\"><\/i>Ing.\u00a0Dana\u00a0Chudov\u00e1,\u00a0Ph.D.<\/li>\n<li><i class=\"fa fa-minus\"><\/i>doc.\u00a0Ing.\u00a0Ji\u0159\u00ed\u00a0Pokorn\u00fd,\u00a0Ph.D.,\u00a0MPA<\/li>\n<li><i class=\"fa fa-minus\"><\/i>prof. Ing. Karol Balog, PhD.<\/li>\n<li><i class=\"fa fa-minus\"><\/i>Ing. Pavel Dobe\u0161, Ph.D.<\/li>\n<li><i class=\"fa fa-minus\"><\/i>Ing. Miroslav Mynarz, Ph.D.<\/li>\n<li><i class=\"fa fa-minus\"><\/i>Ing. Bohdan Filipi, Ph.D.<\/li>\n<li><i class=\"fa fa-minus\"><\/i>Ing. Adam Thomitzek, Ph.D.<\/li>\n<li><i class=\"fa fa-minus\"><\/i>Ing. Michal Va\u0161\u00ednek, Ph.D.<\/li>\n<li><i class=\"fa fa-minus\"><\/i>Ing. Eva \u0160op\u00edkov\u00e1, Ph.D.<\/li>\n<li><i class=\"fa fa-minus\"><\/i>Ing. Jakub Dlabka<\/li>\n<li><i class=\"fa fa-minus\"><\/i>Ing. Hana Buba<\/li>\n<li><i class=\"fa fa-minus\"><\/i>Ing. Luk\u00e1\u0161 Petik<\/li>\n<li><i class=\"fa fa-minus\"><\/i>Ing. V\u00edt Kle\u010dka<\/li>\n<\/ul>\n<\/div><div class=\"uncode_text_column\" ><p><strong>Extern\u00ed \u010dlenov\u00e9:<\/strong><\/p>\n<\/div><div class=\"uncode-wrapper uncode-list\" >\n<ul class=\"icons\">\n<li><i class=\"fa fa-minus\"><\/i>Mgr.\u00a0Jakub\u00a0\u0160koda, MBA \u2013 HZS \u010cR<\/li>\n<li><i class=\"fa fa-minus\"><\/i>Ing.\u00a0Filip\u00a0Nos \u2013 HZS \u010cR<\/li>\n<li><i class=\"fa fa-minus\"><\/i>Ing. Stanislav Kopeck\u00fd \u2013 HZS \u010cR<\/li>\n<li><i class=\"fa fa-minus\"><\/i>Ing. Zden\u011bk Zrubek \u2013 HZS \u010cR<\/li>\n<li><i class=\"fa fa-minus\"><\/i>Ing. Ji\u0159\u00ed Ho\u0161ek \u2013 HZS \u010cR<\/li>\n<li><i class=\"fa fa-minus\"><\/i>Ing. Jaroslav \u0158ep\u00edk \u2013 HZS \u010cR<\/li>\n<li><i class=\"fa fa-minus\"><\/i>Ing. Luk\u00e1\u0161 H\u0159eba\u010dka \u2013 HZS \u010cR<\/li>\n<li><i class=\"fa fa-minus\"><\/i>Ing. Ji\u0159\u00ed Weish\u00e4upl<\/li>\n<\/ul>\n<\/div><\/div><\/div><\/div><\/div><\/div><div class=\"wpb_column pos-top pos-left align_left column_parent col-lg-4 boomapps_vccolumn col-md-33 single-internal-gutter\"><div class=\"uncol style-light font-846016\"  ><div class=\"uncoltable\"><div class=\"uncell  boomapps_vccolumn no-block-padding\" ><div class=\"uncont\" ><div class=\"uncode-single-media  text-left\"><div class=\"single-wrapper\" style=\"max-width: 174px;\"><div class=\"tmb tmb-light  tmb-media-first tmb-media-last tmb-content-overlay tmb-no-bg\"><div class=\"t-inside\"><div class=\"t-entry-visual\"><div class=\"t-entry-visual-tc\"><div class=\"uncode-single-media-wrapper\"><img decoding=\"async\" class=\"wp-image-131226\" src=\"https:\/\/fing.vsb.cz\/wp-content\/uploads\/2023\/10\/cvut_logo-2.png\" width=\"174\" height=\"85\" alt=\"\" srcset=\"https:\/\/fing.vsb.cz\/wp-content\/uploads\/2023\/10\/cvut_logo-2.png 174w, https:\/\/fing.vsb.cz\/wp-content\/uploads\/2023\/10\/cvut_logo-2-18x9.png 18w\" sizes=\"(max-width: 174px) 100vw, 174px\" \/><\/div>\n\t\t\t\t\t<\/div>\n\t\t\t\t<\/div><\/div><\/div><\/div><\/div><div class=\"uncode-wrapper uncode-list\" >\n<ul class=\"icons\">\n<li><i class=\"fa fa-minus\"><\/i>doc. Ing. Vladim\u00edr M\u00f3zer, PhD.<\/li>\n<li><i class=\"fa fa-minus\"><\/i>Ing. arch. Bc. Petr Hejtm\u00e1nek, Ph.D.<\/li>\n<li><i class=\"fa fa-minus\"><\/i>prof. Ing. Franti\u0161ek Wald, CSc.<\/li>\n<li><i class=\"fa fa-minus\"><\/i>Ing. Kamila C\u00e1bov\u00e1, Ph.D.<\/li>\n<li><i class=\"fa fa-minus\"><\/i>Ing. Marek Pokorn\u00fd, Ph.D.<\/li>\n<\/ul>\n<\/div><\/div><\/div><\/div><\/div><\/div><script id=\"script-row-unique-1\" data-row=\"script-row-unique-1\" type=\"text\/javascript\" class=\"vc_controls\">UNCODE.initRow(document.getElementById(\"row-unique-1\"));<\/script><\/div><\/div><\/div>\n<\/div>","protected":false},"excerpt":{"rendered":"\u0158e\u0161itelsk\u00fd t\u00fdm Ing.\u00a0\u00a0Petr\u00a0Lep\u00edk,\u00a0Ph.D. \u2013 hlavn\u00ed \u0159e\u0161itel Mgr. Sandra Tesa\u0159ov\u00e1 \u2013 mana\u017eer Ing. Vladim\u00edr Vl\u010dek, Ph.D., MBA doc. Ing. Ond\u0159ej Zavila, [...]","protected":false},"author":1,"featured_media":0,"parent":0,"menu_order":0,"comment_status":"open","ping_status":"closed","template":"","meta":{"footnotes":""},"class_list":["post-131237","page","type-page","status-publish","hentry"],"_links":{"self":[{"href":"https:\/\/fing.vsb.cz\/en\/wp-json\/wp\/v2\/pages\/131237","targetHints":{"allow":["GET"]}}],"collection":[{"href":"https:\/\/fing.vsb.cz\/en\/wp-json\/wp\/v2\/pages"}],"about":[{"href":"https:\/\/fing.vsb.cz\/en\/wp-json\/wp\/v2\/types\/page"}],"author":[{"embeddable":true,"href":"https:\/\/fing.vsb.cz\/en\/wp-json\/wp\/v2\/users\/1"}],"replies":[{"embeddable":true,"href":"https:\/\/fing.vsb.cz\/en\/wp-json\/wp\/v2\/comments?post=131237"}],"version-history":[{"count":12,"href":"https:\/\/fing.vsb.cz\/en\/wp-json\/wp\/v2\/pages\/131237\/revisions"}],"predecessor-version":[{"id":131250,"href":"https:\/\/fing.vsb.cz\/en\/wp-json\/wp\/v2\/pages\/131237\/revisions\/131250"}],"wp:attachment":[{"href":"https:\/\/fing.vsb.cz\/en\/wp-json\/wp\/v2\/media?parent=131237"}],"curies":[{"name":"wp","href":"https:\/\/api.w.org\/{rel}","templated":true}]}}