{"id":131188,"date":"2023-10-26T13:31:09","date_gmt":"2023-10-26T11:31:09","guid":{"rendered":"https:\/\/fbiweb.vsb.cz\/fing\/?page_id=131188"},"modified":"2025-08-03T19:48:42","modified_gmt":"2025-08-03T17:48:42","slug":"vystupy","status":"publish","type":"page","link":"https:\/\/fing.vsb.cz\/en\/vystupy\/","title":{"rendered":"V\u00fdstupy"},"content":{"rendered":"<div class=\"wpb-content-wrapper\"><div data-parent=\"true\" class=\"vc_row style-color-wayh-bg row-container has-dividers boomapps_vcrow\" id=\"row-unique-0\"><div class=\"row-background background-element\">\n\t\t\t\t\t\t\t\t\t\t\t<div class=\"background-wrapper\">\n\t\t\t\t\t\t\t\t\t\t\t\t<div class=\"background-inner\" style=\"background-image: url(https:\/\/fing.vsb.cz\/wp-content\/uploads\/2023\/10\/fing_background_1920x1080.jpg);background-repeat: no-repeat;background-position: center center;background-attachment: scroll;background-size: cover;\"><\/div>\n\t\t\t\t\t\t\t\t\t\t\t\t<div class=\"block-bg-overlay style-accent-bg\" style=\"opacity: 0.8;\"><\/div>\n\t\t\t\t\t\t\t\t\t\t\t<\/div>\n\t\t\t\t\t\t\t\t\t\t<\/div><div class=\"uncode-divider-wrap uncode-divider-wrap-bottom z_index_0\" style=\"height: 100%; opacity: 0.5\" data-height=\"100\" data-unit=\"%\"><svg version=\"1.1\" class=\"uncode-row-divider uncode-row-divider-gradient\" x=\"0px\" y=\"0px\" width=\"240px\" height=\"24px\" viewbox=\"0 0 240 24\" enable-background=\"new 0 0 240 24\" xml:space=\"preserve\" preserveaspectratio=\"none\">\n\t\t<lineargradient id=\"svg-gradient-776733\" gradientunits=\"userSpaceOnUse\" x1=\"119.9995\" y1=\"0\" x2=\"119.9995\" y2=\"24.0005\">\n\t\t\t<stop  offset=\"0\" style=\"stop-color:#eb6907;stop-opacity:0\"\/>\n\t\t\t<stop  offset=\"1\" style=\"stop-color:#eb6907\"\/>\n\t\t<\/lineargradient>\n\t\t<path fill=\"url(#svg-gradient-776733)\" d=\"M240,24V0H0v24H240z\"\/>\n\t\t<\/svg><\/div><div class=\"row triple-top-padding triple-bottom-padding single-h-padding limit-width row-parent\" data-height-ratio=\"25\"><div class=\"wpb_row row-inner\"><div class=\"wpb_column pos-bottom pos-center align_left column_parent col-lg-12 boomapps_vccolumn single-internal-gutter\"><div class=\"uncol style-dark\"  ><div class=\"uncoltable\"><div class=\"uncell  boomapps_vccolumn no-block-padding\" ><div class=\"uncont\" ><div class=\"vc_custom_heading_wrap\"><div class=\"heading-text el-text\" ><h1 class=\"font-846016 fontsize-338686 fontheight-179065\" ><span>Realizovan\u00e9 v\u00fdstupy projektu<\/span><\/h1><\/div><div class=\"clear\"><\/div><\/div><\/div><\/div><\/div><\/div><\/div><script id=\"script-row-unique-0\" data-row=\"script-row-unique-0\" type=\"text\/javascript\" class=\"vc_controls\">UNCODE.initRow(document.getElementById(\"row-unique-0\"));<\/script><\/div><\/div><\/div><div data-parent=\"true\" class=\"vc_row style-color-xsdn-bg row-container boomapps_vcrow\" id=\"row-unique-1\"><div class=\"row double-top-padding double-bottom-padding single-h-padding limit-width row-parent\"><div class=\"wpb_row row-inner\"><div class=\"wpb_column pos-top pos-center align_left column_parent col-lg-12 boomapps_vccolumn single-internal-gutter\"><div class=\"uncol style-light\"  ><div class=\"uncoltable\"><div class=\"uncell  boomapps_vccolumn no-block-padding\" ><div class=\"uncont\" ><div class=\"uncode-post-table single-gutter uncode-post-table-valign-middle mobile-stacked uncode-post-table-hover uncode-post-table-hover-opacity-inverted\" >\n\t\t\t\t\t\t\t\t\t\t\t\t\t\t\t\t\t\t\t\t\t\t<div class=\"tmb tmb-table tmb-table-border tmb-table-border-between tmb-click-row atc-typography-inherit tmb-iso-w4 tmb-iso-h4 img-circle tmb-light tmb-overlay-text-anim tmb-overlay-anim tmb-content-left tmb-content-last-right tmb-image-anim-magnetic tmb-shadowed tmb-shadowed-sm tmb-bordered  grid-cat-82 tmb-id-131270 tmb-table-double-h-padding tmb-only-text tmb-content-under tmb-no-bg\" ><a href=\"https:\/\/fing.vsb.cz\/en\/portfolio\/specializovana-databaze-pozarne-technickych-charakteristik-materialu-pro-potreby-zjistovani-pricin-pozaru-12-2024\/\" class=\"table-click-row\" target=\"_self\" aria-label=\"Specializovan\u00e1 datab\u00e1ze po\u017e\u00e1rn\u011b technick\u00fdch charakteristik materi\u00e1l\u016f pro pot\u0159eby zji\u0161\u0165ov\u00e1n\u00ed p\u0159\u00ed\u010din po\u017e\u00e1r\u016f (12\/2024)\"><\/a><div class=\"t-inside no-anim\" data-cursor=\"icon-light\"><div class=\"t-inside-post-table t-entry-text\"><div class=\"uncode-post-table-column post-table-column-1 t-entry t-col-one col-lg-4 col-md-4\"><h3 class=\"t-entry-title h6 title-scale\"><a href=\"https:\/\/fing.vsb.cz\/en\/portfolio\/specializovana-databaze-pozarne-technickych-charakteristik-materialu-pro-potreby-zjistovani-pricin-pozaru-12-2024\/\" target=\"_self\">Specializovan\u00e1 datab\u00e1ze po\u017e\u00e1rn\u011b technick\u00fdch charakteristik materi\u00e1l\u016f pro pot\u0159eby zji\u0161\u0165ov\u00e1n\u00ed p\u0159\u00ed\u010din po\u017e\u00e1r\u016f (12\/2024)<\/a><\/h3><\/div><div class=\"uncode-post-table-column post-table-column-2 t-entry t-col-two col-lg-3 col-md-3\"><\/div><div class=\"uncode-post-table-column post-table-column-3 t-entry t-col-three col-lg-3 col-md-3\"><p class=\"h6 title-scale t-entry-table-typography\"><span class=\"t-entry-table-category\"><a class=\"\" href=\"https:\/\/fing.vsb.cz\/en\/portfolio_cat\/databaze\/\">Datab\u00e1ze<\/a><\/span><\/p><\/div><div class=\"uncode-post-table-column post-table-column-4 t-entry t-col-four col-lg-2 col-md-2\"><p class=\"h6 title-scale t-entry-table-typography\"><a href=\"https:\/\/fing.vsb.cz\/en\/portfolio\/specializovana-databaze-pozarne-technickych-charakteristik-materialu-pro-potreby-zjistovani-pricin-pozaru-12-2024\/\" target=\"_self\">Read More<\/a><\/p><\/div><\/div><\/div><\/div><div class=\"tmb tmb-table tmb-table-border tmb-table-border-between tmb-click-row atc-typography-inherit tmb-iso-w4 tmb-iso-h4 img-circle tmb-light tmb-overlay-text-anim tmb-overlay-anim tmb-content-left tmb-content-last-right tmb-image-anim-magnetic tmb-shadowed tmb-shadowed-sm tmb-bordered  grid-cat-79 tmb-id-131268 tmb-table-double-h-padding tmb-only-text tmb-content-under tmb-no-bg\" ><a href=\"https:\/\/fing.vsb.cz\/en\/portfolio\/metodika-pro-stanoveni-zasad-a-postupu-na-miste-pozaru-12-2024\/\" class=\"table-click-row\" target=\"_self\" aria-label=\"Metodika pro stanoven\u00ed z\u00e1sad a postup\u016f na m\u00edst\u011b po\u017e\u00e1ru (12\/2024)\"><\/a><div class=\"t-inside no-anim\" data-cursor=\"icon-light\"><div class=\"t-inside-post-table t-entry-text\"><div class=\"uncode-post-table-column post-table-column-1 t-entry t-col-one col-lg-4 col-md-4\"><h3 class=\"t-entry-title h6 title-scale\"><a href=\"https:\/\/fing.vsb.cz\/en\/portfolio\/metodika-pro-stanoveni-zasad-a-postupu-na-miste-pozaru-12-2024\/\" target=\"_self\">Metodika pro stanoven\u00ed z\u00e1sad a postup\u016f na m\u00edst\u011b po\u017e\u00e1ru (12\/2024)<\/a><\/h3><\/div><div class=\"uncode-post-table-column post-table-column-2 t-entry t-col-two col-lg-3 col-md-3\"><\/div><div class=\"uncode-post-table-column post-table-column-3 t-entry t-col-three col-lg-3 col-md-3\"><p class=\"h6 title-scale t-entry-table-typography\"><span class=\"t-entry-table-category\"><a class=\"\" href=\"https:\/\/fing.vsb.cz\/en\/portfolio_cat\/metodika\/\">Metodika<\/a><\/span><\/p><\/div><div class=\"uncode-post-table-column post-table-column-4 t-entry t-col-four col-lg-2 col-md-2\"><p class=\"h6 title-scale t-entry-table-typography\"><a href=\"https:\/\/fing.vsb.cz\/en\/portfolio\/metodika-pro-stanoveni-zasad-a-postupu-na-miste-pozaru-12-2024\/\" target=\"_self\">Read More<\/a><\/p><\/div><\/div><\/div><\/div><div class=\"tmb tmb-table tmb-table-border tmb-table-border-between tmb-click-row atc-typography-inherit tmb-iso-w4 tmb-iso-h4 img-circle tmb-light tmb-overlay-text-anim tmb-overlay-anim tmb-content-left tmb-content-last-right tmb-image-anim-magnetic tmb-shadowed tmb-shadowed-sm tmb-bordered  grid-cat-81 tmb-id-131266 tmb-table-double-h-padding tmb-only-text tmb-content-under tmb-no-bg\" ><a href=\"https:\/\/fing.vsb.cz\/en\/portfolio\/software-pro-podporu-vysetrovani-na-miste-pozaru-01-2025\/\" class=\"table-click-row\" target=\"_self\" aria-label=\"Software pro podporu vy\u0161et\u0159ov\u00e1n\u00ed na m\u00edst\u011b po\u017e\u00e1ru (01\/2025)\"><\/a><div class=\"t-inside no-anim\" data-cursor=\"icon-light\"><div class=\"t-inside-post-table t-entry-text\"><div class=\"uncode-post-table-column post-table-column-1 t-entry t-col-one col-lg-4 col-md-4\"><h3 class=\"t-entry-title h6 title-scale\"><a href=\"https:\/\/fing.vsb.cz\/en\/portfolio\/software-pro-podporu-vysetrovani-na-miste-pozaru-01-2025\/\" target=\"_self\">Software pro podporu vy\u0161et\u0159ov\u00e1n\u00ed na m\u00edst\u011b po\u017e\u00e1ru (01\/2025)<\/a><\/h3><\/div><div class=\"uncode-post-table-column post-table-column-2 t-entry t-col-two col-lg-3 col-md-3\"><\/div><div class=\"uncode-post-table-column post-table-column-3 t-entry t-col-three col-lg-3 col-md-3\"><p class=\"h6 title-scale t-entry-table-typography\"><span class=\"t-entry-table-category\"><a class=\"\" href=\"https:\/\/fing.vsb.cz\/en\/portfolio_cat\/software\/\">Software<\/a><\/span><\/p><\/div><div class=\"uncode-post-table-column post-table-column-4 t-entry t-col-four col-lg-2 col-md-2\"><p class=\"h6 title-scale t-entry-table-typography\"><a href=\"https:\/\/fing.vsb.cz\/en\/portfolio\/software-pro-podporu-vysetrovani-na-miste-pozaru-01-2025\/\" target=\"_self\">Read More<\/a><\/p><\/div><\/div><\/div><\/div><div class=\"tmb tmb-table tmb-table-border tmb-table-border-between tmb-click-row atc-typography-inherit tmb-iso-w4 tmb-iso-h4 img-circle tmb-light tmb-overlay-text-anim tmb-overlay-anim tmb-content-left tmb-content-last-right tmb-image-anim-magnetic tmb-shadowed tmb-shadowed-sm tmb-bordered  grid-cat-80 tmb-id-131263 tmb-table-double-h-padding tmb-only-text tmb-content-under tmb-no-bg\" ><a href=\"https:\/\/fing.vsb.cz\/en\/portfolio\/souhrnna-zprava-z-reseni-projektu-fing-05-2025\/\" class=\"table-click-row\" target=\"_self\" aria-label=\"Souhrnn\u00e1 zpr\u00e1va z \u0159e\u0161en\u00ed projektu FING (05\/2025)\"><\/a><div class=\"t-inside no-anim\" data-cursor=\"icon-light\"><div class=\"t-inside-post-table t-entry-text\"><div class=\"uncode-post-table-column post-table-column-1 t-entry t-col-one col-lg-4 col-md-4\"><h3 class=\"t-entry-title h6 title-scale\"><a href=\"https:\/\/fing.vsb.cz\/en\/portfolio\/souhrnna-zprava-z-reseni-projektu-fing-05-2025\/\" target=\"_self\">Souhrnn\u00e1 zpr\u00e1va z \u0159e\u0161en\u00ed projektu FING (05\/2025)<\/a><\/h3><\/div><div class=\"uncode-post-table-column post-table-column-2 t-entry t-col-two col-lg-3 col-md-3\"><\/div><div class=\"uncode-post-table-column post-table-column-3 t-entry t-col-three col-lg-3 col-md-3\"><p class=\"h6 title-scale t-entry-table-typography\"><span class=\"t-entry-table-category\"><a class=\"\" href=\"https:\/\/fing.vsb.cz\/en\/portfolio_cat\/vyzkumna-zprava\/\">V\u00fdzkumn\u00e1 zpr\u00e1va<\/a><\/span><\/p><\/div><div class=\"uncode-post-table-column post-table-column-4 t-entry t-col-four col-lg-2 col-md-2\"><p class=\"h6 title-scale t-entry-table-typography\"><a href=\"https:\/\/fing.vsb.cz\/en\/portfolio\/souhrnna-zprava-z-reseni-projektu-fing-05-2025\/\" target=\"_self\">Read More<\/a><\/p><\/div><\/div><\/div><\/div><div class=\"tmb tmb-table tmb-table-border tmb-table-border-between tmb-click-row atc-typography-inherit tmb-iso-w4 tmb-iso-h4 img-circle tmb-light tmb-overlay-text-anim tmb-overlay-anim tmb-content-left tmb-content-last-right tmb-image-anim-magnetic tmb-shadowed tmb-shadowed-sm tmb-bordered  grid-cat-79 tmb-id-131256 tmb-table-double-h-padding tmb-only-text tmb-content-under tmb-no-bg\" ><a href=\"https:\/\/fing.vsb.cz\/en\/portfolio\/metodika-pro-zajisteni-efektivniho-procesu-zjistovani-pricin-vzniku-pozaru-metodika-certifikovana-opravnenym-organem-01-2025\/\" class=\"table-click-row\" target=\"_self\" aria-label=\"Metodika pro zaji\u0161t\u011bn\u00ed efektivn\u00edho procesu zji\u0161\u0165ov\u00e1n\u00ed p\u0159\u00ed\u010din vzniku po\u017e\u00e1r\u016f &#8211; metodika certifikovan\u00e1 opr\u00e1vn\u011bn\u00fdm Org\u00e1nem (01\/2025)\"><\/a><div class=\"t-inside no-anim\" data-cursor=\"icon-light\"><div class=\"t-inside-post-table t-entry-text\"><div class=\"uncode-post-table-column post-table-column-1 t-entry t-col-one col-lg-4 col-md-4\"><h3 class=\"t-entry-title h6 title-scale\"><a href=\"https:\/\/fing.vsb.cz\/en\/portfolio\/metodika-pro-zajisteni-efektivniho-procesu-zjistovani-pricin-vzniku-pozaru-metodika-certifikovana-opravnenym-organem-01-2025\/\" target=\"_self\">Metodika pro zaji\u0161t\u011bn\u00ed efektivn\u00edho procesu zji\u0161\u0165ov\u00e1n\u00ed p\u0159\u00ed\u010din vzniku po\u017e\u00e1r\u016f &#8211; metodika certifikovan\u00e1 opr\u00e1vn\u011bn\u00fdm Org\u00e1nem (01\/2025)<\/a><\/h3><\/div><div class=\"uncode-post-table-column post-table-column-2 t-entry t-col-two col-lg-3 col-md-3\"><\/div><div class=\"uncode-post-table-column post-table-column-3 t-entry t-col-three col-lg-3 col-md-3\"><p class=\"h6 title-scale t-entry-table-typography\"><span class=\"t-entry-table-category\"><a class=\"\" href=\"https:\/\/fing.vsb.cz\/en\/portfolio_cat\/metodika\/\">Metodika<\/a><\/span><\/p><\/div><div class=\"uncode-post-table-column post-table-column-4 t-entry t-col-four col-lg-2 col-md-2\"><p class=\"h6 title-scale t-entry-table-typography\"><a href=\"https:\/\/fing.vsb.cz\/en\/portfolio\/metodika-pro-zajisteni-efektivniho-procesu-zjistovani-pricin-vzniku-pozaru-metodika-certifikovana-opravnenym-organem-01-2025\/\" target=\"_self\">Read More<\/a><\/p><\/div><\/div><\/div><\/div><div class=\"tmb tmb-table tmb-table-border tmb-table-border-between tmb-click-row atc-typography-inherit tmb-iso-w4 tmb-iso-h4 img-circle tmb-light tmb-overlay-text-anim tmb-overlay-anim tmb-content-left tmb-content-last-right tmb-image-anim-magnetic tmb-shadowed tmb-shadowed-sm tmb-bordered  grid-cat-82 tmb-id-131220 tmb-table-double-h-padding tmb-only-text tmb-content-under tmb-no-bg\" ><a href=\"https:\/\/fing.vsb.cz\/en\/portfolio\/specializovana-databaze-pozarnich-parametru-zarizovacich-predmetu-budov-12-2022\/\" class=\"table-click-row\" target=\"_self\" aria-label=\"Specializovan\u00e1 datab\u00e1ze po\u017e\u00e1rn\u00edch parametr\u016f za\u0159izovac\u00edch p\u0159edm\u011bt\u016f budov (12\/2022)\"><\/a><div class=\"t-inside no-anim\" data-cursor=\"icon-light\"><div class=\"t-inside-post-table t-entry-text\"><div class=\"uncode-post-table-column post-table-column-1 t-entry t-col-one col-lg-4 col-md-4\"><h3 class=\"t-entry-title h6 title-scale\"><a href=\"https:\/\/fing.vsb.cz\/en\/portfolio\/specializovana-databaze-pozarnich-parametru-zarizovacich-predmetu-budov-12-2022\/\" target=\"_self\">Specializovan\u00e1 datab\u00e1ze po\u017e\u00e1rn\u00edch parametr\u016f za\u0159izovac\u00edch p\u0159edm\u011bt\u016f budov (12\/2022)<\/a><\/h3><\/div><div class=\"uncode-post-table-column post-table-column-2 t-entry t-col-two col-lg-3 col-md-3\"><\/div><div class=\"uncode-post-table-column post-table-column-3 t-entry t-col-three col-lg-3 col-md-3\"><p class=\"h6 title-scale t-entry-table-typography\"><span class=\"t-entry-table-category\"><a class=\"\" href=\"https:\/\/fing.vsb.cz\/en\/portfolio_cat\/databaze\/\">Datab\u00e1ze<\/a><\/span><\/p><\/div><div class=\"uncode-post-table-column post-table-column-4 t-entry t-col-four col-lg-2 col-md-2\"><p class=\"h6 title-scale t-entry-table-typography\"><a href=\"https:\/\/fing.vsb.cz\/en\/portfolio\/specializovana-databaze-pozarnich-parametru-zarizovacich-predmetu-budov-12-2022\/\" target=\"_self\">Read More<\/a><\/p><\/div><\/div><\/div><\/div>\t\t\t\n\t\n\n\t\t\t\t\t<\/div>\n<\/div><\/div><\/div><\/div><\/div><script id=\"script-row-unique-1\" data-row=\"script-row-unique-1\" type=\"text\/javascript\" class=\"vc_controls\">UNCODE.initRow(document.getElementById(\"row-unique-1\"));<\/script><\/div><\/div><\/div><div data-parent=\"true\" class=\"vc_row row-container boomapps_vcrow\" id=\"row-unique-2\"><div class=\"row limit-width row-parent\"><div class=\"wpb_row row-inner\"><div class=\"wpb_column pos-top pos-center align_left column_parent col-lg-12 boomapps_vccolumn single-internal-gutter\"><div class=\"uncol style-light\"  ><div class=\"uncoltable\"><div class=\"uncell  boomapps_vccolumn no-block-padding\" ><div class=\"uncont\" ><div class=\"vc_custom_heading_wrap\"><div class=\"heading-text el-text\" ><h2 class=\"h2\" ><span>ODBORN\u00c9 \u010cL\u00c1NKY<\/span><\/h2><\/div><div class=\"clear\"><\/div><\/div><div class=\"uncode_text_column\" ><\/p>\n<ul>\n<li><a href=\"https:\/\/fing.vsb.cz\/wp-content\/uploads\/2023\/10\/Removal-of-Total-Organic-Carbon-TOC.pdf\" target=\"_blank\" rel=\"noopener\">Removal of Total Organic Carbon (TOC) from a Stationary Source using Diatomaceous Earth and Activated Carbon during the Processing of Polymeric Materials<\/a><\/li>\n<li><a href=\"https:\/\/fing.vsb.cz\/wp-content\/uploads\/2023\/10\/Toxicity-of-smoke-from-upholstery-materials-in-under-ventilated.pdf\" target=\"_blank\" rel=\"noopener\">Toxicity of smoke from upholstery materials in under-ventilated fires<\/a><\/li>\n<li><a href=\"https:\/\/fing.vsb.cz\/wp-content\/uploads\/2025\/08\/investigation-of-clt-panel-degradation-during-heating-and-cooling-phases-of-fire.pdf\" target=\"_blank\" rel=\"noopener\"><span lang=\"EN-US\">I<\/span>nvestigation of CLT panel degradation during heating and cooling phase od fire<\/a><\/li>\n<\/ul>\n<p>\n<\/div><div class=\"vc_custom_heading_wrap\"><div class=\"heading-text el-text\" ><h2 class=\"h2\" ><span>DAL\u0160\u00cd V\u00ddSTUPY PROJEKTU<\/span><\/h2><\/div><div class=\"clear\"><\/div><\/div><div class=\"uncode_text_column\" ><\/p>\n<h3>Uspo\u0159\u00e1d\u00e1n\u00ed workshopu<\/h3>\n<ul>\n<li><a href=\"https:\/\/fing.vsb.cz\/en\/2021\/09\/15\/workshop-2021\/\" target=\"_blank\" rel=\"noopener\">WORKSHOP 2021 &#8211;\u00a0Inovace a rozvoj n\u00e1stroj\u016f v oblasti zji\u0161\u0165ov\u00e1n\u00ed p\u0159\u00ed\u010din vzniku po\u017e\u00e1r\u016f<\/a><\/li>\n<li><a href=\"https:\/\/fing.vsb.cz\/en\/2022\/09\/15\/workshop-2022\/\" target=\"_blank\" rel=\"noopener\">WORKSHOP 2022 &#8211; Workshop transfer of experience and knowledge in field of cause of fire investigation (FI)<\/a><\/li>\n<li><a href=\"https:\/\/fing.vsb.cz\/en\/2023\/10\/20\/workshop-2023\/\" target=\"_blank\" rel=\"noopener\">WORKSHOP 2023 &#8211;\u00a0Nov\u00e9 techniky a dobr\u00e1 praxe v oblasti ZPP &#8211; Kalcinace<\/a><\/li>\n<li><a href=\"https:\/\/fing.vsb.cz\/en\/2025\/01\/12\/workshop-2024\/\" target=\"_blank\" rel=\"noopener\">WORKSHOP 2024 &#8211; Nov\u00e9 techniky a dobr\u00e1 praxe v oblasti ZPP \u2013 P\u0159ipravovan\u00e1 metodika<\/a><\/li>\n<li><a href=\"https:\/\/fing.vsb.cz\/en\/2025\/06\/08\/workshop-2025\/\" target=\"_blank\" rel=\"noopener\">WORKSHOP 2025 &#8211; Nov\u00e9 techniky a dobr\u00e1 praxe v oblasti ZPP \u2013 V\u00fdsledky projektu<\/a><\/li>\n<\/ul>\n<h3>Audiovizu\u00e1ln\u00ed tvorba<\/h3>\n<ul>\n<li><a href=\"https:\/\/fing.vsb.cz\/en\/2022-zaznam-prubehu-pozaru-hotelovy-pokoj\/\" target=\"_blank\" rel=\"noopener\"><strong>2022 &#8211;\u00a0Z\u00e1znam pr\u016fb\u011bhu po\u017e\u00e1ru &#8211; hotelov\u00fd pokoj<\/strong><\/a><\/li>\n<li><a href=\"https:\/\/fing.vsb.cz\/en\/2023_04_19-20_hotelovy_pokoj_cz_en_720p-mp4\/\" target=\"_blank\" rel=\"noopener\"><strong>2023 &#8211; Z\u00e1znam pr\u016fb\u011bhu po\u017e\u00e1ru &#8211; hotelov\u00fd pokoj II.<\/strong><\/a><\/li>\n<li><strong><a href=\"https:\/\/fing.vsb.cz\/en\/priprava-a-realizace-zkousek\/\">2025 &#8211; P\u0159\u00edprava a realizace zkou\u0161ek<\/a><\/strong><\/li>\n<\/ul>\n<h3>Odborn\u00e1 kniha<\/h3>\n<ul>\n<li><a href=\"https:\/\/fing.vsb.cz\/wp-content\/uploads\/2025\/08\/Kniha-PTCH-FING.pdf\" target=\"_blank\" rel=\"noopener\">Aplikace po\u017e\u00e1rn\u011b technick\u00fdch charakteristik materi\u00e1l\u016f a kalcinace SDK desek pro pot\u0159eby zji\u0161\u0165ov\u00e1n\u00ed p\u0159\u00ed\u010din po\u017e\u00e1r\u016f<\/a><\/li>\n<\/ul>\n<h3><a href=\"https:\/\/fing.vsb.cz\/en\/portfolio\/modifikovany-kalcinometr\/\">Funk\u010dn\u00ed vzorek &#8211; Modifikovan\u00fd Kalcinometr<\/a><\/h3>\n<p>\n<\/div><\/div><\/div><\/div><\/div><\/div><script id=\"script-row-unique-2\" data-row=\"script-row-unique-2\" type=\"text\/javascript\" class=\"vc_controls\">UNCODE.initRow(document.getElementById(\"row-unique-2\"));<\/script><\/div><\/div><\/div>\n<\/div>","protected":false},"excerpt":{"rendered":"Specializovan\u00e1 datab\u00e1ze po\u017e\u00e1rn\u00edch parametr\u016f za\u0159izovac\u00edch p\u0159edm\u011bt\u016f budov (12\/2022) https:\/\/fing.fsv.cvut.cz","protected":false},"author":1,"featured_media":0,"parent":0,"menu_order":0,"comment_status":"closed","ping_status":"closed","template":"","meta":{"footnotes":""},"class_list":["post-131188","page","type-page","status-publish","hentry"],"_links":{"self":[{"href":"https:\/\/fing.vsb.cz\/en\/wp-json\/wp\/v2\/pages\/131188","targetHints":{"allow":["GET"]}}],"collection":[{"href":"https:\/\/fing.vsb.cz\/en\/wp-json\/wp\/v2\/pages"}],"about":[{"href":"https:\/\/fing.vsb.cz\/en\/wp-json\/wp\/v2\/types\/page"}],"author":[{"embeddable":true,"href":"https:\/\/fing.vsb.cz\/en\/wp-json\/wp\/v2\/users\/1"}],"replies":[{"embeddable":true,"href":"https:\/\/fing.vsb.cz\/en\/wp-json\/wp\/v2\/comments?post=131188"}],"version-history":[{"count":28,"href":"https:\/\/fing.vsb.cz\/en\/wp-json\/wp\/v2\/pages\/131188\/revisions"}],"predecessor-version":[{"id":131812,"href":"https:\/\/fing.vsb.cz\/en\/wp-json\/wp\/v2\/pages\/131188\/revisions\/131812"}],"wp:attachment":[{"href":"https:\/\/fing.vsb.cz\/en\/wp-json\/wp\/v2\/media?parent=131188"}],"curies":[{"name":"wp","href":"https:\/\/api.w.org\/{rel}","templated":true}]}}